{"id":773,"date":"2021-06-28T06:25:15","date_gmt":"2021-06-28T06:25:15","guid":{"rendered":"https:\/\/sportsnewsintheworld.com\/contact\/"},"modified":"2024-06-07T15:28:44","modified_gmt":"2024-06-07T13:28:44","slug":"kontakt","status":"publish","type":"page","link":"https:\/\/sportsnewsintheworld.com\/en\/kontakt\/","title":{"rendered":"Contact"},"content":{"rendered":"<h1>Contact<\/h1>\n<h4>Contact us<\/h4>\n<ul>\n<li>\n\t\t\t\t\t\t\t\t\t\tcontact@sportsnewsintheworld.com<\/li>\n<\/ul>\n<h4>Advertising on the site<\/h4>\n<p>Do you want your club's banner to be found on the website of our magazine? Contact us by email to agree on advertising.<\/p>\n<p>advertising@sportsnewsintheworld.com<\/p>\n<h4>Sports event<\/h4>\n<p>You organize or participate in a sporting event.&nbsp;<\/p>\n<p>\u017delite li da o tome pi\u0161emo?&nbsp;Javite nam se na mejl.&nbsp;<\/p>\n<p>events@sportsnewsintheworld.com<\/p>","protected":false},"excerpt":{"rendered":"<p>Kontakt Kontaktirajte nas contact@sportsnewsintheworld.com Reklama na sajtu Da li \u017eelite da se baner va\u0161eg kluba na\u0111e na sajtu na\u0161eg magazina? Javite nam se na mejl da se dogovorimo oko reklame. advertising@sportsnewsintheworld.com Sportski doga\u0111aj Organizujete ili u\u010destvujete na nekom sportskom doga\u0111aju.&nbsp; \u017delite li da o tome pi\u0161emo?&nbsp;Javite nam se na mejl.&nbsp; events@sportsnewsintheworld.com<\/p>","protected":false},"author":1,"featured_media":1916,"parent":0,"menu_order":0,"comment_status":"closed","ping_status":"closed","template":"","meta":{"site-sidebar-layout":"no-sidebar","site-content-layout":"page-builder","ast-site-content-layout":"full-width-container","site-content-style":"unboxed","site-sidebar-style":"unboxed","ast-global-header-display":"","ast-banner-title-visibility":"","ast-main-header-display":"","ast-hfb-above-header-display":"","ast-hfb-below-header-display":"","ast-hfb-mobile-header-display":"","site-post-title":"disabled","ast-breadcrumbs-content":"disabled","ast-featured-img":"disabled","footer-sml-layout":"","ast-disable-related-posts":"","theme-transparent-header-meta":"enabled","adv-header-id-meta":"","stick-header-meta":"","header-above-stick-meta":"","header-main-stick-meta":"","header-below-stick-meta":"","astra-migrate-meta-layouts":"set","ast-page-background-enabled":"default","ast-page-background-meta":{"desktop":{"background-color":"","background-image":"","background-repeat":"repeat","background-position":"center center","background-size":"auto","background-attachment":"scroll","background-type":"","background-media":"","overlay-type":"","overlay-color":"","overlay-opacity":"","overlay-gradient":""},"tablet":{"background-color":"","background-image":"","background-repeat":"repeat","background-position":"center center","background-size":"auto","background-attachment":"scroll","background-type":"","background-media":"","overlay-type":"","overlay-color":"","overlay-opacity":"","overlay-gradient":""},"mobile":{"background-color":"","background-image":"","background-repeat":"repeat","background-position":"center center","background-size":"auto","background-attachment":"scroll","background-type":"","background-media":"","overlay-type":"","overlay-color":"","overlay-opacity":"","overlay-gradient":""}},"ast-content-background-meta":{"desktop":{"background-color":"var(--ast-global-color-5)","background-image":"","background-repeat":"repeat","background-position":"center center","background-size":"auto","background-attachment":"scroll","background-type":"","background-media":"","overlay-type":"","overlay-color":"","overlay-opacity":"","overlay-gradient":""},"tablet":{"background-color":"var(--ast-global-color-5)","background-image":"","background-repeat":"repeat","background-position":"center center","background-size":"auto","background-attachment":"scroll","background-type":"","background-media":"","overlay-type":"","overlay-color":"","overlay-opacity":"","overlay-gradient":""},"mobile":{"background-color":"var(--ast-global-color-5)","background-image":"","background-repeat":"repeat","background-position":"center center","background-size":"auto","background-attachment":"scroll","background-type":"","background-media":"","overlay-type":"","overlay-color":"","overlay-opacity":"","overlay-gradient":""}},"footnotes":""},"class_list":["post-773","page","type-page","status-publish","has-post-thumbnail","hentry"],"yoast_head":"<!-- This site is optimized with the Yoast SEO plugin v27.4 - https:\/\/yoast.com\/product\/yoast-seo-wordpress\/ -->\n<title>Contact - Sportski putopisi<\/title>\n<meta name=\"description\" content=\"Na ovoj stranici mo\u017eete odabrati na\u010din kako da nas kontaktirate! On this page you can choose the way to contact us!\" \/>\n<meta name=\"robots\" content=\"index, follow, max-snippet:-1, max-image-preview:large, max-video-preview:-1\" \/>\n<link rel=\"canonical\" href=\"https:\/\/sportsnewsintheworld.com\/en\/kontakt\/\" \/>\n<meta property=\"og:locale\" content=\"en_GB\" \/>\n<meta property=\"og:type\" content=\"article\" \/>\n<meta property=\"og:title\" content=\"Contact - Sportski putopisi\" \/>\n<meta property=\"og:description\" content=\"Na ovoj stranici mo\u017eete odabrati na\u010din kako da nas kontaktirate! On this page you can choose the way to contact us!\" \/>\n<meta property=\"og:url\" content=\"https:\/\/sportsnewsintheworld.com\/en\/kontakt\/\" \/>\n<meta property=\"og:site_name\" content=\"Sportski putopisi\" \/>\n<meta property=\"article:modified_time\" content=\"2024-06-07T13:28:44+00:00\" \/>\n<meta property=\"og:image\" content=\"https:\/\/sportsnewsintheworld.com\/wp-content\/uploads\/2023\/02\/email-fast-service-1975010.webp\" \/>\n\t<meta property=\"og:image:width\" content=\"1280\" \/>\n\t<meta property=\"og:image:height\" content=\"730\" \/>\n\t<meta property=\"og:image:type\" content=\"image\/webp\" \/>\n<meta name=\"twitter:card\" content=\"summary_large_image\" \/>\n<meta name=\"twitter:label1\" content=\"Estimated reading time\" \/>\n\t<meta name=\"twitter:data1\" content=\"1 minute\" \/>\n<script type=\"application\/ld+json\" class=\"yoast-schema-graph\">{\"@context\":\"https:\\\/\\\/schema.org\",\"@graph\":[{\"@type\":[\"WebPage\",\"ContactPage\"],\"@id\":\"https:\\\/\\\/sportsnewsintheworld.com\\\/kontakt\\\/\",\"url\":\"https:\\\/\\\/sportsnewsintheworld.com\\\/kontakt\\\/\",\"name\":\"Contact - Sportski putopisi\",\"isPartOf\":{\"@id\":\"https:\\\/\\\/sportsnewsintheworld.com\\\/#website\"},\"primaryImageOfPage\":{\"@id\":\"https:\\\/\\\/sportsnewsintheworld.com\\\/kontakt\\\/#primaryimage\"},\"image\":{\"@id\":\"https:\\\/\\\/sportsnewsintheworld.com\\\/kontakt\\\/#primaryimage\"},\"thumbnailUrl\":\"https:\\\/\\\/sportsnewsintheworld.com\\\/wp-content\\\/uploads\\\/2023\\\/02\\\/email-fast-service-1975010.webp\",\"datePublished\":\"2021-06-28T06:25:15+00:00\",\"dateModified\":\"2024-06-07T13:28:44+00:00\",\"description\":\"Na ovoj stranici mo\u017eete odabrati na\u010din kako da nas kontaktirate! On this page you can choose the way to contact us!\",\"breadcrumb\":{\"@id\":\"https:\\\/\\\/sportsnewsintheworld.com\\\/kontakt\\\/#breadcrumb\"},\"inLanguage\":\"en-GB\",\"potentialAction\":[{\"@type\":\"ReadAction\",\"target\":[\"https:\\\/\\\/sportsnewsintheworld.com\\\/kontakt\\\/\"]}]},{\"@type\":\"ImageObject\",\"inLanguage\":\"en-GB\",\"@id\":\"https:\\\/\\\/sportsnewsintheworld.com\\\/kontakt\\\/#primaryimage\",\"url\":\"https:\\\/\\\/sportsnewsintheworld.com\\\/wp-content\\\/uploads\\\/2023\\\/02\\\/email-fast-service-1975010.webp\",\"contentUrl\":\"https:\\\/\\\/sportsnewsintheworld.com\\\/wp-content\\\/uploads\\\/2023\\\/02\\\/email-fast-service-1975010.webp\",\"width\":1280,\"height\":730},{\"@type\":\"BreadcrumbList\",\"@id\":\"https:\\\/\\\/sportsnewsintheworld.com\\\/kontakt\\\/#breadcrumb\",\"itemListElement\":[{\"@type\":\"ListItem\",\"position\":1,\"name\":\"Home\",\"item\":\"https:\\\/\\\/sportsnewsintheworld.com\\\/\"},{\"@type\":\"ListItem\",\"position\":2,\"name\":\"Contact\"}]},{\"@type\":\"WebSite\",\"@id\":\"https:\\\/\\\/sportsnewsintheworld.com\\\/#website\",\"url\":\"https:\\\/\\\/sportsnewsintheworld.com\\\/\",\"name\":\"Sportski putopisi\",\"description\":\"Sportski putopisi - magazin\",\"publisher\":{\"@id\":\"https:\\\/\\\/sportsnewsintheworld.com\\\/#organization\"},\"potentialAction\":[{\"@type\":\"SearchAction\",\"target\":{\"@type\":\"EntryPoint\",\"urlTemplate\":\"https:\\\/\\\/sportsnewsintheworld.com\\\/?s={search_term_string}\"},\"query-input\":{\"@type\":\"PropertyValueSpecification\",\"valueRequired\":true,\"valueName\":\"search_term_string\"}}],\"inLanguage\":\"en-GB\"},{\"@type\":\"Organization\",\"@id\":\"https:\\\/\\\/sportsnewsintheworld.com\\\/#organization\",\"name\":\"Sportski putopisi\",\"url\":\"https:\\\/\\\/sportsnewsintheworld.com\\\/\",\"logo\":{\"@type\":\"ImageObject\",\"inLanguage\":\"en-GB\",\"@id\":\"https:\\\/\\\/sportsnewsintheworld.com\\\/#\\\/schema\\\/logo\\\/image\\\/\",\"url\":\"https:\\\/\\\/sportsnewsintheworld.com\\\/wp-content\\\/uploads\\\/2022\\\/11\\\/IMG_20221123_171131_5591.jpg\",\"contentUrl\":\"https:\\\/\\\/sportsnewsintheworld.com\\\/wp-content\\\/uploads\\\/2022\\\/11\\\/IMG_20221123_171131_5591.jpg\",\"width\":850,\"height\":850,\"caption\":\"Sportski putopisi\"},\"image\":{\"@id\":\"https:\\\/\\\/sportsnewsintheworld.com\\\/#\\\/schema\\\/logo\\\/image\\\/\"}}]}<\/script>\n<!-- \/ Yoast SEO plugin. -->","yoast_head_json":{"title":"Contact - Sportski putopisi","description":"Na ovoj stranici mo\u017eete odabrati na\u010din kako da nas kontaktirate! On this page you can choose the way to contact us!","robots":{"index":"index","follow":"follow","max-snippet":"max-snippet:-1","max-image-preview":"max-image-preview:large","max-video-preview":"max-video-preview:-1"},"canonical":"https:\/\/sportsnewsintheworld.com\/en\/kontakt\/","og_locale":"en_GB","og_type":"article","og_title":"Contact - Sportski putopisi","og_description":"Na ovoj stranici mo\u017eete odabrati na\u010din kako da nas kontaktirate! On this page you can choose the way to contact us!","og_url":"https:\/\/sportsnewsintheworld.com\/en\/kontakt\/","og_site_name":"Sportski putopisi","article_modified_time":"2024-06-07T13:28:44+00:00","og_image":[{"width":1280,"height":730,"url":"https:\/\/sportsnewsintheworld.com\/wp-content\/uploads\/2023\/02\/email-fast-service-1975010.webp","type":"image\/webp"}],"twitter_card":"summary_large_image","twitter_misc":{"Estimated reading time":"1 minute"},"schema":{"@context":"https:\/\/schema.org","@graph":[{"@type":["WebPage","ContactPage"],"@id":"https:\/\/sportsnewsintheworld.com\/kontakt\/","url":"https:\/\/sportsnewsintheworld.com\/kontakt\/","name":"Contact - Sportski putopisi","isPartOf":{"@id":"https:\/\/sportsnewsintheworld.com\/#website"},"primaryImageOfPage":{"@id":"https:\/\/sportsnewsintheworld.com\/kontakt\/#primaryimage"},"image":{"@id":"https:\/\/sportsnewsintheworld.com\/kontakt\/#primaryimage"},"thumbnailUrl":"https:\/\/sportsnewsintheworld.com\/wp-content\/uploads\/2023\/02\/email-fast-service-1975010.webp","datePublished":"2021-06-28T06:25:15+00:00","dateModified":"2024-06-07T13:28:44+00:00","description":"Na ovoj stranici mo\u017eete odabrati na\u010din kako da nas kontaktirate! On this page you can choose the way to contact us!","breadcrumb":{"@id":"https:\/\/sportsnewsintheworld.com\/kontakt\/#breadcrumb"},"inLanguage":"en-GB","potentialAction":[{"@type":"ReadAction","target":["https:\/\/sportsnewsintheworld.com\/kontakt\/"]}]},{"@type":"ImageObject","inLanguage":"en-GB","@id":"https:\/\/sportsnewsintheworld.com\/kontakt\/#primaryimage","url":"https:\/\/sportsnewsintheworld.com\/wp-content\/uploads\/2023\/02\/email-fast-service-1975010.webp","contentUrl":"https:\/\/sportsnewsintheworld.com\/wp-content\/uploads\/2023\/02\/email-fast-service-1975010.webp","width":1280,"height":730},{"@type":"BreadcrumbList","@id":"https:\/\/sportsnewsintheworld.com\/kontakt\/#breadcrumb","itemListElement":[{"@type":"ListItem","position":1,"name":"Home","item":"https:\/\/sportsnewsintheworld.com\/"},{"@type":"ListItem","position":2,"name":"Contact"}]},{"@type":"WebSite","@id":"https:\/\/sportsnewsintheworld.com\/#website","url":"https:\/\/sportsnewsintheworld.com\/","name":"Sportski putopisi","description":"Sportski putopisi - magazin","publisher":{"@id":"https:\/\/sportsnewsintheworld.com\/#organization"},"potentialAction":[{"@type":"SearchAction","target":{"@type":"EntryPoint","urlTemplate":"https:\/\/sportsnewsintheworld.com\/?s={search_term_string}"},"query-input":{"@type":"PropertyValueSpecification","valueRequired":true,"valueName":"search_term_string"}}],"inLanguage":"en-GB"},{"@type":"Organization","@id":"https:\/\/sportsnewsintheworld.com\/#organization","name":"Sportski putopisi","url":"https:\/\/sportsnewsintheworld.com\/","logo":{"@type":"ImageObject","inLanguage":"en-GB","@id":"https:\/\/sportsnewsintheworld.com\/#\/schema\/logo\/image\/","url":"https:\/\/sportsnewsintheworld.com\/wp-content\/uploads\/2022\/11\/IMG_20221123_171131_5591.jpg","contentUrl":"https:\/\/sportsnewsintheworld.com\/wp-content\/uploads\/2022\/11\/IMG_20221123_171131_5591.jpg","width":850,"height":850,"caption":"Sportski putopisi"},"image":{"@id":"https:\/\/sportsnewsintheworld.com\/#\/schema\/logo\/image\/"}}]}},"_links":{"self":[{"href":"https:\/\/sportsnewsintheworld.com\/en\/wp-json\/wp\/v2\/pages\/773","targetHints":{"allow":["GET"]}}],"collection":[{"href":"https:\/\/sportsnewsintheworld.com\/en\/wp-json\/wp\/v2\/pages"}],"about":[{"href":"https:\/\/sportsnewsintheworld.com\/en\/wp-json\/wp\/v2\/types\/page"}],"author":[{"embeddable":true,"href":"https:\/\/sportsnewsintheworld.com\/en\/wp-json\/wp\/v2\/users\/1"}],"replies":[{"embeddable":true,"href":"https:\/\/sportsnewsintheworld.com\/en\/wp-json\/wp\/v2\/comments?post=773"}],"version-history":[{"count":19,"href":"https:\/\/sportsnewsintheworld.com\/en\/wp-json\/wp\/v2\/pages\/773\/revisions"}],"predecessor-version":[{"id":3453,"href":"https:\/\/sportsnewsintheworld.com\/en\/wp-json\/wp\/v2\/pages\/773\/revisions\/3453"}],"wp:featuredmedia":[{"embeddable":true,"href":"https:\/\/sportsnewsintheworld.com\/en\/wp-json\/wp\/v2\/media\/1916"}],"wp:attachment":[{"href":"https:\/\/sportsnewsintheworld.com\/en\/wp-json\/wp\/v2\/media?parent=773"}],"curies":[{"name":"wp","href":"https:\/\/api.w.org\/{rel}","templated":true}]}}