{"id":649,"date":"2021-06-28T04:55:12","date_gmt":"2021-06-28T04:55:12","guid":{"rendered":"https:\/\/sportsnewsintheworld.com\/about\/"},"modified":"2023-09-26T20:19:22","modified_gmt":"2023-09-26T18:19:22","slug":"about","status":"publish","type":"page","link":"https:\/\/sportsnewsintheworld.com\/en\/about\/","title":{"rendered":"About"},"content":{"rendered":"<div data-elementor-type=\"wp-page\" data-elementor-id=\"649\" class=\"elementor elementor-649\">\n\t\t\t\t\t\t<section class=\"elementor-section elementor-top-section elementor-element elementor-element-13b8c80 elementor-section-boxed elementor-section-height-default elementor-section-height-default\" data-id=\"13b8c80\" data-element_type=\"section\" data-e-type=\"section\" data-settings=\"{&quot;background_background&quot;:&quot;classic&quot;}\">\n\t\t\t\t\t\t<div class=\"elementor-container elementor-column-gap-no\">\n\t\t\t\t\t<div class=\"elementor-column elementor-col-100 elementor-top-column elementor-element elementor-element-25c79d1\" data-id=\"25c79d1\" data-element_type=\"column\" data-e-type=\"column\">\n\t\t\t<div class=\"elementor-widget-wrap elementor-element-populated\">\n\t\t\t\t\t\t<div class=\"elementor-element elementor-element-2141fa2 elementor-widget elementor-widget-heading\" data-id=\"2141fa2\" data-element_type=\"widget\" data-e-type=\"widget\" data-widget_type=\"heading.default\">\n\t\t\t\t<div class=\"elementor-widget-container\">\n\t\t\t\t\t<h1 class=\"elementor-heading-title elementor-size-default\">About the magazine<\/h1>\t\t\t\t<\/div>\n\t\t\t\t<\/div>\n\t\t\t\t<div class=\"elementor-element elementor-element-d3643c2 elementor-widget-divider--view-line elementor-widget elementor-widget-divider\" data-id=\"d3643c2\" data-element_type=\"widget\" data-e-type=\"widget\" data-widget_type=\"divider.default\">\n\t\t\t\t<div class=\"elementor-widget-container\">\n\t\t\t\t\t\t\t<div class=\"elementor-divider\">\n\t\t\t<span class=\"elementor-divider-separator\">\n\t\t\t\t\t\t<\/span>\n\t\t<\/div>\n\t\t\t\t\t\t<\/div>\n\t\t\t\t<\/div>\n\t\t\t\t<div class=\"elementor-element elementor-element-bd9ec88 elementor-widget-divider--view-line elementor-widget elementor-widget-divider\" data-id=\"bd9ec88\" data-element_type=\"widget\" data-e-type=\"widget\" data-widget_type=\"divider.default\">\n\t\t\t\t<div class=\"elementor-widget-container\">\n\t\t\t\t\t\t\t<div class=\"elementor-divider\">\n\t\t\t<span class=\"elementor-divider-separator\">\n\t\t\t\t\t\t<\/span>\n\t\t<\/div>\n\t\t\t\t\t\t<\/div>\n\t\t\t\t<\/div>\n\t\t\t\t<section class=\"elementor-section elementor-inner-section elementor-element elementor-element-fff6154 elementor-section-boxed elementor-section-height-default elementor-section-height-default\" data-id=\"fff6154\" data-element_type=\"section\" data-e-type=\"section\">\n\t\t\t\t\t\t<div class=\"elementor-container elementor-column-gap-no\">\n\t\t\t\t\t<div class=\"elementor-column elementor-col-33 elementor-inner-column elementor-element elementor-element-f581bab\" data-id=\"f581bab\" data-element_type=\"column\" data-e-type=\"column\">\n\t\t\t<div class=\"elementor-widget-wrap elementor-element-populated\">\n\t\t\t\t\t\t<div class=\"elementor-element elementor-element-b4cfe3f elementor-widget elementor-widget-heading\" data-id=\"b4cfe3f\" data-element_type=\"widget\" data-e-type=\"widget\" data-widget_type=\"heading.default\">\n\t\t\t\t<div class=\"elementor-widget-container\">\n\t\t\t\t\t<h3 class=\"elementor-heading-title elementor-size-medium\">Sports magazine where you can find and read news from the world of sports as well as interviews with athletes.<\/h3>\t\t\t\t<\/div>\n\t\t\t\t<\/div>\n\t\t\t\t\t<\/div>\n\t\t<\/div>\n\t\t\t\t<div class=\"elementor-column elementor-col-66 elementor-inner-column elementor-element elementor-element-a5d7775\" data-id=\"a5d7775\" data-element_type=\"column\" data-e-type=\"column\">\n\t\t\t<div class=\"elementor-widget-wrap elementor-element-populated\">\n\t\t\t\t\t\t<div class=\"elementor-element elementor-element-6530224 elementor-widget-divider--view-line elementor-widget elementor-widget-divider\" data-id=\"6530224\" data-element_type=\"widget\" data-e-type=\"widget\" data-widget_type=\"divider.default\">\n\t\t\t\t<div class=\"elementor-widget-container\">\n\t\t\t\t\t\t\t<div class=\"elementor-divider\">\n\t\t\t<span class=\"elementor-divider-separator\">\n\t\t\t\t\t\t<\/span>\n\t\t<\/div>\n\t\t\t\t\t\t<\/div>\n\t\t\t\t<\/div>\n\t\t\t\t<div class=\"elementor-element elementor-element-26cf6b3 elementor-widget elementor-widget-text-editor\" data-id=\"26cf6b3\" data-element_type=\"widget\" data-e-type=\"widget\" data-widget_type=\"text-editor.default\">\n\t\t\t\t<div class=\"elementor-widget-container\">\n\t\t\t\t\t\t\t\t\t<p>This sports magazine was founded on September 15, 2022. The goal of the magazine is to regularly report on sports and sporting events around the world. Here you can find interviews of athletes from various sports. I hope you enjoy our magazine!<\/p>\t\t\t\t\t\t\t\t<\/div>\n\t\t\t\t<\/div>\n\t\t\t\t<div class=\"elementor-element elementor-element-b8d6a5f elementor-widget__width-auto elementor-view-default elementor-widget elementor-widget-icon\" data-id=\"b8d6a5f\" data-element_type=\"widget\" data-e-type=\"widget\" data-widget_type=\"icon.default\">\n\t\t\t\t<div class=\"elementor-widget-container\">\n\t\t\t\t\t\t\t<div class=\"elementor-icon-wrapper\">\n\t\t\t<div class=\"elementor-icon\">\n\t\t\t<i aria-hidden=\"true\" class=\"fas fa-quote-left\"><\/i>\t\t\t<\/div>\n\t\t<\/div>\n\t\t\t\t\t\t<\/div>\n\t\t\t\t<\/div>\n\t\t\t\t<div class=\"elementor-element elementor-element-dfde0c4 elementor-widget-divider--view-line elementor-widget elementor-widget-divider\" data-id=\"dfde0c4\" data-element_type=\"widget\" data-e-type=\"widget\" data-widget_type=\"divider.default\">\n\t\t\t\t<div class=\"elementor-widget-container\">\n\t\t\t\t\t\t\t<div class=\"elementor-divider\">\n\t\t\t<span class=\"elementor-divider-separator\">\n\t\t\t\t\t\t<\/span>\n\t\t<\/div>\n\t\t\t\t\t\t<\/div>\n\t\t\t\t<\/div>\n\t\t\t\t<div class=\"elementor-element elementor-element-a41ec56 elementor-widget elementor-widget-testimonial\" data-id=\"a41ec56\" data-element_type=\"widget\" data-e-type=\"widget\" data-widget_type=\"testimonial.default\">\n\t\t\t\t<div class=\"elementor-widget-container\">\n\t\t\t\t\t\t\t<div class=\"elementor-testimonial-wrapper\">\n\t\t\t\n\t\t\t\t\t\t<div class=\"elementor-testimonial-meta elementor-has-image elementor-testimonial-image-position-aside\">\n\t\t\t\t<div class=\"elementor-testimonial-meta-inner\">\n\t\t\t\t\t\t\t\t\t\t\t<div class=\"elementor-testimonial-image\">\n\t\t\t\t\t\t\t<img fetchpriority=\"high\" decoding=\"async\" width=\"960\" height=\"960\" src=\"https:\/\/sportsnewsintheworld.com\/wp-content\/uploads\/2022\/09\/IMG_20220127_173129_8761.jpg\" class=\"attachment-full size-full wp-image-1471\" alt=\"\" srcset=\"https:\/\/sportsnewsintheworld.com\/wp-content\/uploads\/2022\/09\/IMG_20220127_173129_8761.jpg 960w, https:\/\/sportsnewsintheworld.com\/wp-content\/uploads\/2022\/09\/IMG_20220127_173129_8761-300x300.jpg 300w, https:\/\/sportsnewsintheworld.com\/wp-content\/uploads\/2022\/09\/IMG_20220127_173129_8761-150x150.jpg 150w, https:\/\/sportsnewsintheworld.com\/wp-content\/uploads\/2022\/09\/IMG_20220127_173129_8761-768x768.jpg 768w\" sizes=\"(max-width: 960px) 100vw, 960px\" \/>\t\t\t\t\t\t<\/div>\n\t\t\t\t\t\n\t\t\t\t\t\t\t\t\t\t<div class=\"elementor-testimonial-details\">\n\t\t\t\t\t\t\t\t\t\t\t\t\t\t<div class=\"elementor-testimonial-name\">Vladimir Radojkovic<\/div>\n\t\t\t\t\t\t\t\t\t\t\t\t\t\t\t\t\t\t\t\t\t\t<div class=\"elementor-testimonial-job\">Magazine founder and editor-in-chief<\/div>\n\t\t\t\t\t\t\t\t\t\t\t\t\t<\/div>\n\t\t\t\t\t\t\t\t\t<\/div>\n\t\t\t<\/div>\n\t\t\t\t\t<\/div>\n\t\t\t\t\t\t<\/div>\n\t\t\t\t<\/div>\n\t\t\t\t<div class=\"elementor-element elementor-element-726a1ca elementor-widget elementor-widget-text-editor\" data-id=\"726a1ca\" data-element_type=\"widget\" data-e-type=\"widget\" data-widget_type=\"text-editor.default\">\n\t\t\t\t<div class=\"elementor-widget-container\">\n\t\t\t\t\t\t\t\t\t<p>A special focus will be directed at athletes who are at the beginning of their careers in order to give them enough space to present their work and themselves in the best possible way.\u00a0<\/p>\t\t\t\t\t\t\t\t<\/div>\n\t\t\t\t<\/div>\n\t\t\t\t<div class=\"elementor-element elementor-element-9cdada9 elementor-widget-divider--view-line elementor-widget elementor-widget-divider\" data-id=\"9cdada9\" data-element_type=\"widget\" data-e-type=\"widget\" data-widget_type=\"divider.default\">\n\t\t\t\t<div class=\"elementor-widget-container\">\n\t\t\t\t\t\t\t<div class=\"elementor-divider\">\n\t\t\t<span class=\"elementor-divider-separator\">\n\t\t\t\t\t\t<\/span>\n\t\t<\/div>\n\t\t\t\t\t\t<\/div>\n\t\t\t\t<\/div>\n\t\t\t\t\t<\/div>\n\t\t<\/div>\n\t\t\t\t\t<\/div>\n\t\t<\/section>\n\t\t\t\t<div class=\"elementor-element elementor-element-cbfbf49 elementor-widget-divider--view-line elementor-widget elementor-widget-divider\" data-id=\"cbfbf49\" data-element_type=\"widget\" data-e-type=\"widget\" data-widget_type=\"divider.default\">\n\t\t\t\t<div class=\"elementor-widget-container\">\n\t\t\t\t\t\t\t<div class=\"elementor-divider\">\n\t\t\t<span class=\"elementor-divider-separator\">\n\t\t\t\t\t\t<\/span>\n\t\t<\/div>\n\t\t\t\t\t\t<\/div>\n\t\t\t\t<\/div>\n\t\t\t\t<div class=\"elementor-element elementor-element-91a03d0 elementor-widget elementor-widget-heading\" data-id=\"91a03d0\" data-element_type=\"widget\" data-e-type=\"widget\" data-widget_type=\"heading.default\">\n\t\t\t\t<div class=\"elementor-widget-container\">\n\t\t\t\t\t<h2 class=\"elementor-heading-title elementor-size-default\">Editors<\/h2>\t\t\t\t<\/div>\n\t\t\t\t<\/div>\n\t\t\t\t<div class=\"elementor-element elementor-element-3acc51a elementor-widget elementor-widget-text-editor\" data-id=\"3acc51a\" data-element_type=\"widget\" data-e-type=\"widget\" data-widget_type=\"text-editor.default\">\n\t\t\t\t<div class=\"elementor-widget-container\">\n\t\t\t\t\t\t\t\t\t<p>Here you can see who the editors of the magazine are.<\/p>\t\t\t\t\t\t\t\t<\/div>\n\t\t\t\t<\/div>\n\t\t\t\t<div class=\"elementor-element elementor-element-21e4759 elementor-position-left elementor-widget__width-initial elementor-widget-tablet__width-initial elementor-widget-mobile__width-inherit elementor-vertical-align-top elementor-widget elementor-widget-image-box\" data-id=\"21e4759\" data-element_type=\"widget\" data-e-type=\"widget\" data-widget_type=\"image-box.default\">\n\t\t\t\t<div class=\"elementor-widget-container\">\n\t\t\t\t\t<div class=\"elementor-image-box-wrapper\"><figure class=\"elementor-image-box-img\"><img fetchpriority=\"high\" decoding=\"async\" width=\"960\" height=\"960\" src=\"https:\/\/sportsnewsintheworld.com\/wp-content\/uploads\/2022\/09\/IMG_20220127_173129_8761.jpg\" class=\"attachment-full size-full wp-image-1471\" alt=\"\" srcset=\"https:\/\/sportsnewsintheworld.com\/wp-content\/uploads\/2022\/09\/IMG_20220127_173129_8761.jpg 960w, https:\/\/sportsnewsintheworld.com\/wp-content\/uploads\/2022\/09\/IMG_20220127_173129_8761-300x300.jpg 300w, https:\/\/sportsnewsintheworld.com\/wp-content\/uploads\/2022\/09\/IMG_20220127_173129_8761-150x150.jpg 150w, https:\/\/sportsnewsintheworld.com\/wp-content\/uploads\/2022\/09\/IMG_20220127_173129_8761-768x768.jpg 768w\" sizes=\"(max-width: 960px) 100vw, 960px\" \/><\/figure><div class=\"elementor-image-box-content\"><h4 class=\"elementor-image-box-title\">Vladimir Radojkovic<\/h4><p class=\"elementor-image-box-description\">Chief editor<\/p><\/div><\/div>\t\t\t\t<\/div>\n\t\t\t\t<\/div>\n\t\t\t\t<div class=\"elementor-element elementor-element-cec327d elementor-widget-divider--view-line elementor-widget elementor-widget-divider\" data-id=\"cec327d\" data-element_type=\"widget\" data-e-type=\"widget\" data-widget_type=\"divider.default\">\n\t\t\t\t<div class=\"elementor-widget-container\">\n\t\t\t\t\t\t\t<div class=\"elementor-divider\">\n\t\t\t<span class=\"elementor-divider-separator\">\n\t\t\t\t\t\t<\/span>\n\t\t<\/div>\n\t\t\t\t\t\t<\/div>\n\t\t\t\t<\/div>\n\t\t\t\t\t<\/div>\n\t\t<\/div>\n\t\t\t\t\t<\/div>\n\t\t<\/section>\n\t\t\t\t<\/div>","protected":false},"excerpt":{"rendered":"<p>O magazinu Sportski magazin u kome mo\u017eete prona\u0107i i pro\u010ditati novosti iz sveta sporta kao i intervjue sa sportistima. Ovaj sportski magazin osnovan je 15. septembra 2022. godine. Cilj magazina je da redovno izve\u0161tava o sportovima i sportskim de\u0161avanjima \u0161irom sveta. Kod nas mo\u017eete prona\u0107i intervjue sportista iz raznih sportova. Nadam se da \u0107ete u\u017eivati [&hellip;]<\/p>\n","protected":false},"author":1,"featured_media":1770,"parent":0,"menu_order":0,"comment_status":"closed","ping_status":"closed","template":"","meta":{"site-sidebar-layout":"no-sidebar","site-content-layout":"page-builder","ast-site-content-layout":"full-width-container","site-content-style":"unboxed","site-sidebar-style":"unboxed","ast-global-header-display":"","ast-banner-title-visibility":"","ast-main-header-display":"","ast-hfb-above-header-display":"","ast-hfb-below-header-display":"","ast-hfb-mobile-header-display":"","site-post-title":"disabled","ast-breadcrumbs-content":"disabled","ast-featured-img":"disabled","footer-sml-layout":"","ast-disable-related-posts":"","theme-transparent-header-meta":"enabled","adv-header-id-meta":"","stick-header-meta":"","header-above-stick-meta":"","header-main-stick-meta":"","header-below-stick-meta":"","astra-migrate-meta-layouts":"set","ast-page-background-enabled":"default","ast-page-background-meta":{"desktop":{"background-color":"","background-image":"","background-repeat":"repeat","background-position":"center center","background-size":"auto","background-attachment":"scroll","background-type":"","background-media":"","overlay-type":"","overlay-color":"","overlay-opacity":"","overlay-gradient":""},"tablet":{"background-color":"","background-image":"","background-repeat":"repeat","background-position":"center center","background-size":"auto","background-attachment":"scroll","background-type":"","background-media":"","overlay-type":"","overlay-color":"","overlay-opacity":"","overlay-gradient":""},"mobile":{"background-color":"","background-image":"","background-repeat":"repeat","background-position":"center center","background-size":"auto","background-attachment":"scroll","background-type":"","background-media":"","overlay-type":"","overlay-color":"","overlay-opacity":"","overlay-gradient":""}},"ast-content-background-meta":{"desktop":{"background-color":"var(--ast-global-color-5)","background-image":"","background-repeat":"repeat","background-position":"center center","background-size":"auto","background-attachment":"scroll","background-type":"","background-media":"","overlay-type":"","overlay-color":"","overlay-opacity":"","overlay-gradient":""},"tablet":{"background-color":"var(--ast-global-color-5)","background-image":"","background-repeat":"repeat","background-position":"center center","background-size":"auto","background-attachment":"scroll","background-type":"","background-media":"","overlay-type":"","overlay-color":"","overlay-opacity":"","overlay-gradient":""},"mobile":{"background-color":"var(--ast-global-color-5)","background-image":"","background-repeat":"repeat","background-position":"center center","background-size":"auto","background-attachment":"scroll","background-type":"","background-media":"","overlay-type":"","overlay-color":"","overlay-opacity":"","overlay-gradient":""}},"footnotes":""},"class_list":["post-649","page","type-page","status-publish","has-post-thumbnail","hentry"],"yoast_head":"<!-- This site is optimized with the Yoast SEO plugin v27.4 - https:\/\/yoast.com\/product\/yoast-seo-wordpress\/ -->\n<title>About - Sportski putopisi<\/title>\n<meta name=\"description\" content=\"Ovaj sportski magazin osnovan je septembra 2022. godine. This sports magazine was founded on September by chess player Vladimir Radojkovic.\" \/>\n<meta name=\"robots\" content=\"index, follow, max-snippet:-1, max-image-preview:large, max-video-preview:-1\" \/>\n<link rel=\"canonical\" href=\"https:\/\/sportsnewsintheworld.com\/en\/about\/\" \/>\n<meta property=\"og:locale\" content=\"en_GB\" \/>\n<meta property=\"og:type\" content=\"article\" \/>\n<meta property=\"og:title\" content=\"About - Sportski putopisi\" \/>\n<meta property=\"og:description\" content=\"Ovaj sportski magazin osnovan je septembra 2022. godine. This sports magazine was founded on September by chess player Vladimir Radojkovic.\" \/>\n<meta property=\"og:url\" content=\"https:\/\/sportsnewsintheworld.com\/en\/about\/\" \/>\n<meta property=\"og:site_name\" content=\"Sportski putopisi\" \/>\n<meta property=\"article:modified_time\" content=\"2023-09-26T18:19:22+00:00\" \/>\n<meta property=\"og:image\" content=\"https:\/\/sportsnewsintheworld.com\/wp-content\/uploads\/2022\/11\/IMG_20221123_171131_5591.jpg\" \/>\n\t<meta property=\"og:image:width\" content=\"850\" \/>\n\t<meta property=\"og:image:height\" content=\"850\" \/>\n\t<meta property=\"og:image:type\" content=\"image\/jpeg\" \/>\n<meta name=\"twitter:card\" content=\"summary_large_image\" \/>\n<meta name=\"twitter:label1\" content=\"Estimated reading time\" \/>\n\t<meta name=\"twitter:data1\" content=\"1 minute\" \/>\n<script type=\"application\/ld+json\" class=\"yoast-schema-graph\">{\"@context\":\"https:\\\/\\\/schema.org\",\"@graph\":[{\"@type\":\"WebPage\",\"@id\":\"https:\\\/\\\/sportsnewsintheworld.com\\\/about\\\/\",\"url\":\"https:\\\/\\\/sportsnewsintheworld.com\\\/about\\\/\",\"name\":\"About - Sportski putopisi\",\"isPartOf\":{\"@id\":\"https:\\\/\\\/sportsnewsintheworld.com\\\/#website\"},\"primaryImageOfPage\":{\"@id\":\"https:\\\/\\\/sportsnewsintheworld.com\\\/about\\\/#primaryimage\"},\"image\":{\"@id\":\"https:\\\/\\\/sportsnewsintheworld.com\\\/about\\\/#primaryimage\"},\"thumbnailUrl\":\"https:\\\/\\\/sportsnewsintheworld.com\\\/wp-content\\\/uploads\\\/2022\\\/11\\\/IMG_20221123_171131_5591.jpg\",\"datePublished\":\"2021-06-28T04:55:12+00:00\",\"dateModified\":\"2023-09-26T18:19:22+00:00\",\"description\":\"Ovaj sportski magazin osnovan je septembra 2022. godine. This sports magazine was founded on September by chess player Vladimir Radojkovic.\",\"breadcrumb\":{\"@id\":\"https:\\\/\\\/sportsnewsintheworld.com\\\/about\\\/#breadcrumb\"},\"inLanguage\":\"en-GB\",\"potentialAction\":[{\"@type\":\"ReadAction\",\"target\":[\"https:\\\/\\\/sportsnewsintheworld.com\\\/about\\\/\"]}]},{\"@type\":\"ImageObject\",\"inLanguage\":\"en-GB\",\"@id\":\"https:\\\/\\\/sportsnewsintheworld.com\\\/about\\\/#primaryimage\",\"url\":\"https:\\\/\\\/sportsnewsintheworld.com\\\/wp-content\\\/uploads\\\/2022\\\/11\\\/IMG_20221123_171131_5591.jpg\",\"contentUrl\":\"https:\\\/\\\/sportsnewsintheworld.com\\\/wp-content\\\/uploads\\\/2022\\\/11\\\/IMG_20221123_171131_5591.jpg\",\"width\":850,\"height\":850},{\"@type\":\"BreadcrumbList\",\"@id\":\"https:\\\/\\\/sportsnewsintheworld.com\\\/about\\\/#breadcrumb\",\"itemListElement\":[{\"@type\":\"ListItem\",\"position\":1,\"name\":\"Home\",\"item\":\"https:\\\/\\\/sportsnewsintheworld.com\\\/\"},{\"@type\":\"ListItem\",\"position\":2,\"name\":\"About\"}]},{\"@type\":\"WebSite\",\"@id\":\"https:\\\/\\\/sportsnewsintheworld.com\\\/#website\",\"url\":\"https:\\\/\\\/sportsnewsintheworld.com\\\/\",\"name\":\"Sportski putopisi\",\"description\":\"Sportski putopisi - magazin\",\"publisher\":{\"@id\":\"https:\\\/\\\/sportsnewsintheworld.com\\\/#organization\"},\"potentialAction\":[{\"@type\":\"SearchAction\",\"target\":{\"@type\":\"EntryPoint\",\"urlTemplate\":\"https:\\\/\\\/sportsnewsintheworld.com\\\/?s={search_term_string}\"},\"query-input\":{\"@type\":\"PropertyValueSpecification\",\"valueRequired\":true,\"valueName\":\"search_term_string\"}}],\"inLanguage\":\"en-GB\"},{\"@type\":\"Organization\",\"@id\":\"https:\\\/\\\/sportsnewsintheworld.com\\\/#organization\",\"name\":\"Sportski putopisi\",\"url\":\"https:\\\/\\\/sportsnewsintheworld.com\\\/\",\"logo\":{\"@type\":\"ImageObject\",\"inLanguage\":\"en-GB\",\"@id\":\"https:\\\/\\\/sportsnewsintheworld.com\\\/#\\\/schema\\\/logo\\\/image\\\/\",\"url\":\"https:\\\/\\\/sportsnewsintheworld.com\\\/wp-content\\\/uploads\\\/2022\\\/11\\\/IMG_20221123_171131_5591.jpg\",\"contentUrl\":\"https:\\\/\\\/sportsnewsintheworld.com\\\/wp-content\\\/uploads\\\/2022\\\/11\\\/IMG_20221123_171131_5591.jpg\",\"width\":850,\"height\":850,\"caption\":\"Sportski putopisi\"},\"image\":{\"@id\":\"https:\\\/\\\/sportsnewsintheworld.com\\\/#\\\/schema\\\/logo\\\/image\\\/\"}}]}<\/script>\n<!-- \/ Yoast SEO plugin. -->","yoast_head_json":{"title":"About - Sportski putopisi","description":"Ovaj sportski magazin osnovan je septembra 2022. godine. This sports magazine was founded on September by chess player Vladimir Radojkovic.","robots":{"index":"index","follow":"follow","max-snippet":"max-snippet:-1","max-image-preview":"max-image-preview:large","max-video-preview":"max-video-preview:-1"},"canonical":"https:\/\/sportsnewsintheworld.com\/en\/about\/","og_locale":"en_GB","og_type":"article","og_title":"About - Sportski putopisi","og_description":"Ovaj sportski magazin osnovan je septembra 2022. godine. This sports magazine was founded on September by chess player Vladimir Radojkovic.","og_url":"https:\/\/sportsnewsintheworld.com\/en\/about\/","og_site_name":"Sportski putopisi","article_modified_time":"2023-09-26T18:19:22+00:00","og_image":[{"width":850,"height":850,"url":"https:\/\/sportsnewsintheworld.com\/wp-content\/uploads\/2022\/11\/IMG_20221123_171131_5591.jpg","type":"image\/jpeg"}],"twitter_card":"summary_large_image","twitter_misc":{"Estimated reading time":"1 minute"},"schema":{"@context":"https:\/\/schema.org","@graph":[{"@type":"WebPage","@id":"https:\/\/sportsnewsintheworld.com\/about\/","url":"https:\/\/sportsnewsintheworld.com\/about\/","name":"About - Sportski putopisi","isPartOf":{"@id":"https:\/\/sportsnewsintheworld.com\/#website"},"primaryImageOfPage":{"@id":"https:\/\/sportsnewsintheworld.com\/about\/#primaryimage"},"image":{"@id":"https:\/\/sportsnewsintheworld.com\/about\/#primaryimage"},"thumbnailUrl":"https:\/\/sportsnewsintheworld.com\/wp-content\/uploads\/2022\/11\/IMG_20221123_171131_5591.jpg","datePublished":"2021-06-28T04:55:12+00:00","dateModified":"2023-09-26T18:19:22+00:00","description":"Ovaj sportski magazin osnovan je septembra 2022. godine. This sports magazine was founded on September by chess player Vladimir Radojkovic.","breadcrumb":{"@id":"https:\/\/sportsnewsintheworld.com\/about\/#breadcrumb"},"inLanguage":"en-GB","potentialAction":[{"@type":"ReadAction","target":["https:\/\/sportsnewsintheworld.com\/about\/"]}]},{"@type":"ImageObject","inLanguage":"en-GB","@id":"https:\/\/sportsnewsintheworld.com\/about\/#primaryimage","url":"https:\/\/sportsnewsintheworld.com\/wp-content\/uploads\/2022\/11\/IMG_20221123_171131_5591.jpg","contentUrl":"https:\/\/sportsnewsintheworld.com\/wp-content\/uploads\/2022\/11\/IMG_20221123_171131_5591.jpg","width":850,"height":850},{"@type":"BreadcrumbList","@id":"https:\/\/sportsnewsintheworld.com\/about\/#breadcrumb","itemListElement":[{"@type":"ListItem","position":1,"name":"Home","item":"https:\/\/sportsnewsintheworld.com\/"},{"@type":"ListItem","position":2,"name":"About"}]},{"@type":"WebSite","@id":"https:\/\/sportsnewsintheworld.com\/#website","url":"https:\/\/sportsnewsintheworld.com\/","name":"Sportski putopisi","description":"Sportski putopisi - magazin","publisher":{"@id":"https:\/\/sportsnewsintheworld.com\/#organization"},"potentialAction":[{"@type":"SearchAction","target":{"@type":"EntryPoint","urlTemplate":"https:\/\/sportsnewsintheworld.com\/?s={search_term_string}"},"query-input":{"@type":"PropertyValueSpecification","valueRequired":true,"valueName":"search_term_string"}}],"inLanguage":"en-GB"},{"@type":"Organization","@id":"https:\/\/sportsnewsintheworld.com\/#organization","name":"Sportski putopisi","url":"https:\/\/sportsnewsintheworld.com\/","logo":{"@type":"ImageObject","inLanguage":"en-GB","@id":"https:\/\/sportsnewsintheworld.com\/#\/schema\/logo\/image\/","url":"https:\/\/sportsnewsintheworld.com\/wp-content\/uploads\/2022\/11\/IMG_20221123_171131_5591.jpg","contentUrl":"https:\/\/sportsnewsintheworld.com\/wp-content\/uploads\/2022\/11\/IMG_20221123_171131_5591.jpg","width":850,"height":850,"caption":"Sportski putopisi"},"image":{"@id":"https:\/\/sportsnewsintheworld.com\/#\/schema\/logo\/image\/"}}]}},"_links":{"self":[{"href":"https:\/\/sportsnewsintheworld.com\/en\/wp-json\/wp\/v2\/pages\/649","targetHints":{"allow":["GET"]}}],"collection":[{"href":"https:\/\/sportsnewsintheworld.com\/en\/wp-json\/wp\/v2\/pages"}],"about":[{"href":"https:\/\/sportsnewsintheworld.com\/en\/wp-json\/wp\/v2\/types\/page"}],"author":[{"embeddable":true,"href":"https:\/\/sportsnewsintheworld.com\/en\/wp-json\/wp\/v2\/users\/1"}],"replies":[{"embeddable":true,"href":"https:\/\/sportsnewsintheworld.com\/en\/wp-json\/wp\/v2\/comments?post=649"}],"version-history":[{"count":18,"href":"https:\/\/sportsnewsintheworld.com\/en\/wp-json\/wp\/v2\/pages\/649\/revisions"}],"predecessor-version":[{"id":2804,"href":"https:\/\/sportsnewsintheworld.com\/en\/wp-json\/wp\/v2\/pages\/649\/revisions\/2804"}],"wp:featuredmedia":[{"embeddable":true,"href":"https:\/\/sportsnewsintheworld.com\/en\/wp-json\/wp\/v2\/media\/1770"}],"wp:attachment":[{"href":"https:\/\/sportsnewsintheworld.com\/en\/wp-json\/wp\/v2\/media?parent=649"}],"curies":[{"name":"wp","href":"https:\/\/api.w.org\/{rel}","templated":true}]}}