{"id":3483,"date":"2024-07-25T13:53:59","date_gmt":"2024-07-25T11:53:59","guid":{"rendered":"https:\/\/sportsnewsintheworld.com\/?page_id=3483"},"modified":"2024-11-16T14:05:10","modified_gmt":"2024-11-16T13:05:10","slug":"postani-deo-tima","status":"publish","type":"page","link":"https:\/\/sportsnewsintheworld.com\/en\/postani-deo-tima\/","title":{"rendered":"Postani deo tima"},"content":{"rendered":"<h2 class=\"wp-block-heading\">POSTANI DEO TIMA!<\/h2>\n\n\n<p><\/p>\n<h5>Magazin ,,Sportski putopisi&#8220; je u potrazi za novim \u010dlanovima tima! Potrebni su nam mladi, kreativni i dru\u017eeljubivi ljudi koji vide sebe u ulozi novinara te ovom prilikom ohrabrujemo sve mlade ljude koji \u017eele da pi\u0161u za magazin da slobodno naprave korak ka tom cilju.<\/h5><h6>Ukoliko si student ili studentkinja novinarstva ili si jednostavno neko ko voli da pi\u0161e o sportu slobodno po\u0161alji mejl na <em>urednistvo@sportsnewsintheworld.com<\/em> i predstavi sebe, snove i ciljeve koje ima\u0161 autoru magazina i glavnom uredniku.<\/h6>\t\t\n\t\t<p>Ure\u0111ivanje magazina samo po sebi nudi brojne prednosti, a jedna od prednosti predstavlja pobolj\u0161anje komunikativnih sposobnosti pojedinca, tj. urednika. Bi\u0107ete u prilici da radite intervjue sa sportistima \u0161irom sveta i na taj na\u010din \u0107ete pro\u0161iriti krug poznanika, a mo\u017eda \u0107e vam neki od sportista koje budete intervjuisali postati prijatelji. Tako\u0111e, sami birati oblast tj. sport o kome \u017eelite da pi\u0161ete \u010dlanke.<\/p>","protected":false},"excerpt":{"rendered":"<p>POSTANI DEO TIMA! Magazin ,,Sportski putopisi&#8220; je u potrazi za novim \u010dlanovima tima! Potrebni su nam mladi, kreativni i dru\u017eeljubivi ljudi koji vide sebe u ulozi novinara te ovom prilikom ohrabrujemo sve mlade ljude koji \u017eele da pi\u0161u za magazin da slobodno naprave korak ka tom cilju. Ukoliko si student ili studentkinja novinarstva ili si [&hellip;]<\/p>\n","protected":false},"author":1,"featured_media":0,"parent":0,"menu_order":0,"comment_status":"closed","ping_status":"closed","template":"","meta":{"site-sidebar-layout":"default","site-content-layout":"","ast-site-content-layout":"default","site-content-style":"default","site-sidebar-style":"default","ast-global-header-display":"","ast-banner-title-visibility":"","ast-main-header-display":"","ast-hfb-above-header-display":"","ast-hfb-below-header-display":"","ast-hfb-mobile-header-display":"","site-post-title":"","ast-breadcrumbs-content":"","ast-featured-img":"","footer-sml-layout":"","ast-disable-related-posts":"","theme-transparent-header-meta":"","adv-header-id-meta":"","stick-header-meta":"","header-above-stick-meta":"","header-main-stick-meta":"","header-below-stick-meta":"","astra-migrate-meta-layouts":"set","ast-page-background-enabled":"default","ast-page-background-meta":{"desktop":{"background-color":"","background-image":"","background-repeat":"repeat","background-position":"center center","background-size":"auto","background-attachment":"scroll","background-type":"","background-media":"","overlay-type":"","overlay-color":"","overlay-opacity":"","overlay-gradient":""},"tablet":{"background-color":"","background-image":"","background-repeat":"repeat","background-position":"center center","background-size":"auto","background-attachment":"scroll","background-type":"","background-media":"","overlay-type":"","overlay-color":"","overlay-opacity":"","overlay-gradient":""},"mobile":{"background-color":"","background-image":"","background-repeat":"repeat","background-position":"center center","background-size":"auto","background-attachment":"scroll","background-type":"","background-media":"","overlay-type":"","overlay-color":"","overlay-opacity":"","overlay-gradient":""}},"ast-content-background-meta":{"desktop":{"background-color":"var(--ast-global-color-5)","background-image":"","background-repeat":"repeat","background-position":"center center","background-size":"auto","background-attachment":"scroll","background-type":"","background-media":"","overlay-type":"","overlay-color":"","overlay-opacity":"","overlay-gradient":""},"tablet":{"background-color":"var(--ast-global-color-5)","background-image":"","background-repeat":"repeat","background-position":"center center","background-size":"auto","background-attachment":"scroll","background-type":"","background-media":"","overlay-type":"","overlay-color":"","overlay-opacity":"","overlay-gradient":""},"mobile":{"background-color":"var(--ast-global-color-5)","background-image":"","background-repeat":"repeat","background-position":"center center","background-size":"auto","background-attachment":"scroll","background-type":"","background-media":"","overlay-type":"","overlay-color":"","overlay-opacity":"","overlay-gradient":""}},"footnotes":""},"class_list":["post-3483","page","type-page","status-publish","hentry"],"yoast_head":"<!-- This site is optimized with the Yoast SEO plugin v27.4 - https:\/\/yoast.com\/product\/yoast-seo-wordpress\/ -->\n<title>Postani deo tima - Sportski putopisi<\/title>\n<meta name=\"description\" content=\"Ovde mo\u017eete pogledati kako da postanete deo tima! Sre\u0107no! Here you can see how to become part of the team! Good luck!\" \/>\n<meta name=\"robots\" content=\"index, follow, max-snippet:-1, max-image-preview:large, max-video-preview:-1\" \/>\n<link rel=\"canonical\" href=\"https:\/\/sportsnewsintheworld.com\/en\/postani-deo-tima\/\" \/>\n<meta property=\"og:locale\" content=\"en_GB\" \/>\n<meta property=\"og:type\" content=\"article\" \/>\n<meta property=\"og:title\" content=\"Postani deo tima - Sportski putopisi\" \/>\n<meta property=\"og:description\" content=\"Ovde mo\u017eete pogledati kako da postanete deo tima! Sre\u0107no! Here you can see how to become part of the team! Good luck!\" \/>\n<meta property=\"og:url\" content=\"https:\/\/sportsnewsintheworld.com\/en\/postani-deo-tima\/\" \/>\n<meta property=\"og:site_name\" content=\"Sportski putopisi\" \/>\n<meta property=\"article:modified_time\" content=\"2024-11-16T13:05:10+00:00\" \/>\n<meta name=\"twitter:card\" content=\"summary_large_image\" \/>\n<meta name=\"twitter:label1\" content=\"Estimated reading time\" \/>\n\t<meta name=\"twitter:data1\" content=\"1 minute\" \/>\n<script type=\"application\/ld+json\" class=\"yoast-schema-graph\">{\"@context\":\"https:\\\/\\\/schema.org\",\"@graph\":[{\"@type\":\"WebPage\",\"@id\":\"https:\\\/\\\/sportsnewsintheworld.com\\\/postani-deo-tima\\\/\",\"url\":\"https:\\\/\\\/sportsnewsintheworld.com\\\/postani-deo-tima\\\/\",\"name\":\"Postani deo tima - Sportski putopisi\",\"isPartOf\":{\"@id\":\"https:\\\/\\\/sportsnewsintheworld.com\\\/#website\"},\"datePublished\":\"2024-07-25T11:53:59+00:00\",\"dateModified\":\"2024-11-16T13:05:10+00:00\",\"description\":\"Ovde mo\u017eete pogledati kako da postanete deo tima! Sre\u0107no! Here you can see how to become part of the team! Good luck!\",\"breadcrumb\":{\"@id\":\"https:\\\/\\\/sportsnewsintheworld.com\\\/postani-deo-tima\\\/#breadcrumb\"},\"inLanguage\":\"en-GB\",\"potentialAction\":[{\"@type\":\"ReadAction\",\"target\":[\"https:\\\/\\\/sportsnewsintheworld.com\\\/postani-deo-tima\\\/\"]}]},{\"@type\":\"BreadcrumbList\",\"@id\":\"https:\\\/\\\/sportsnewsintheworld.com\\\/postani-deo-tima\\\/#breadcrumb\",\"itemListElement\":[{\"@type\":\"ListItem\",\"position\":1,\"name\":\"Home\",\"item\":\"https:\\\/\\\/sportsnewsintheworld.com\\\/\"},{\"@type\":\"ListItem\",\"position\":2,\"name\":\"Postani deo tima\"}]},{\"@type\":\"WebSite\",\"@id\":\"https:\\\/\\\/sportsnewsintheworld.com\\\/#website\",\"url\":\"https:\\\/\\\/sportsnewsintheworld.com\\\/\",\"name\":\"Sportski putopisi\",\"description\":\"Sportski putopisi - magazin\",\"publisher\":{\"@id\":\"https:\\\/\\\/sportsnewsintheworld.com\\\/#organization\"},\"potentialAction\":[{\"@type\":\"SearchAction\",\"target\":{\"@type\":\"EntryPoint\",\"urlTemplate\":\"https:\\\/\\\/sportsnewsintheworld.com\\\/?s={search_term_string}\"},\"query-input\":{\"@type\":\"PropertyValueSpecification\",\"valueRequired\":true,\"valueName\":\"search_term_string\"}}],\"inLanguage\":\"en-GB\"},{\"@type\":\"Organization\",\"@id\":\"https:\\\/\\\/sportsnewsintheworld.com\\\/#organization\",\"name\":\"Sportski putopisi\",\"url\":\"https:\\\/\\\/sportsnewsintheworld.com\\\/\",\"logo\":{\"@type\":\"ImageObject\",\"inLanguage\":\"en-GB\",\"@id\":\"https:\\\/\\\/sportsnewsintheworld.com\\\/#\\\/schema\\\/logo\\\/image\\\/\",\"url\":\"https:\\\/\\\/sportsnewsintheworld.com\\\/wp-content\\\/uploads\\\/2022\\\/11\\\/IMG_20221123_171131_5591.jpg\",\"contentUrl\":\"https:\\\/\\\/sportsnewsintheworld.com\\\/wp-content\\\/uploads\\\/2022\\\/11\\\/IMG_20221123_171131_5591.jpg\",\"width\":850,\"height\":850,\"caption\":\"Sportski putopisi\"},\"image\":{\"@id\":\"https:\\\/\\\/sportsnewsintheworld.com\\\/#\\\/schema\\\/logo\\\/image\\\/\"}}]}<\/script>\n<!-- \/ Yoast SEO plugin. -->","yoast_head_json":{"title":"Postani deo tima - Sportski putopisi","description":"Ovde mo\u017eete pogledati kako da postanete deo tima! Sre\u0107no! Here you can see how to become part of the team! Good luck!","robots":{"index":"index","follow":"follow","max-snippet":"max-snippet:-1","max-image-preview":"max-image-preview:large","max-video-preview":"max-video-preview:-1"},"canonical":"https:\/\/sportsnewsintheworld.com\/en\/postani-deo-tima\/","og_locale":"en_GB","og_type":"article","og_title":"Postani deo tima - Sportski putopisi","og_description":"Ovde mo\u017eete pogledati kako da postanete deo tima! Sre\u0107no! Here you can see how to become part of the team! Good luck!","og_url":"https:\/\/sportsnewsintheworld.com\/en\/postani-deo-tima\/","og_site_name":"Sportski putopisi","article_modified_time":"2024-11-16T13:05:10+00:00","twitter_card":"summary_large_image","twitter_misc":{"Estimated reading time":"1 minute"},"schema":{"@context":"https:\/\/schema.org","@graph":[{"@type":"WebPage","@id":"https:\/\/sportsnewsintheworld.com\/postani-deo-tima\/","url":"https:\/\/sportsnewsintheworld.com\/postani-deo-tima\/","name":"Postani deo tima - Sportski putopisi","isPartOf":{"@id":"https:\/\/sportsnewsintheworld.com\/#website"},"datePublished":"2024-07-25T11:53:59+00:00","dateModified":"2024-11-16T13:05:10+00:00","description":"Ovde mo\u017eete pogledati kako da postanete deo tima! Sre\u0107no! Here you can see how to become part of the team! Good luck!","breadcrumb":{"@id":"https:\/\/sportsnewsintheworld.com\/postani-deo-tima\/#breadcrumb"},"inLanguage":"en-GB","potentialAction":[{"@type":"ReadAction","target":["https:\/\/sportsnewsintheworld.com\/postani-deo-tima\/"]}]},{"@type":"BreadcrumbList","@id":"https:\/\/sportsnewsintheworld.com\/postani-deo-tima\/#breadcrumb","itemListElement":[{"@type":"ListItem","position":1,"name":"Home","item":"https:\/\/sportsnewsintheworld.com\/"},{"@type":"ListItem","position":2,"name":"Postani deo tima"}]},{"@type":"WebSite","@id":"https:\/\/sportsnewsintheworld.com\/#website","url":"https:\/\/sportsnewsintheworld.com\/","name":"Sportski putopisi","description":"Sportski putopisi - magazin","publisher":{"@id":"https:\/\/sportsnewsintheworld.com\/#organization"},"potentialAction":[{"@type":"SearchAction","target":{"@type":"EntryPoint","urlTemplate":"https:\/\/sportsnewsintheworld.com\/?s={search_term_string}"},"query-input":{"@type":"PropertyValueSpecification","valueRequired":true,"valueName":"search_term_string"}}],"inLanguage":"en-GB"},{"@type":"Organization","@id":"https:\/\/sportsnewsintheworld.com\/#organization","name":"Sportski putopisi","url":"https:\/\/sportsnewsintheworld.com\/","logo":{"@type":"ImageObject","inLanguage":"en-GB","@id":"https:\/\/sportsnewsintheworld.com\/#\/schema\/logo\/image\/","url":"https:\/\/sportsnewsintheworld.com\/wp-content\/uploads\/2022\/11\/IMG_20221123_171131_5591.jpg","contentUrl":"https:\/\/sportsnewsintheworld.com\/wp-content\/uploads\/2022\/11\/IMG_20221123_171131_5591.jpg","width":850,"height":850,"caption":"Sportski putopisi"},"image":{"@id":"https:\/\/sportsnewsintheworld.com\/#\/schema\/logo\/image\/"}}]}},"_links":{"self":[{"href":"https:\/\/sportsnewsintheworld.com\/en\/wp-json\/wp\/v2\/pages\/3483","targetHints":{"allow":["GET"]}}],"collection":[{"href":"https:\/\/sportsnewsintheworld.com\/en\/wp-json\/wp\/v2\/pages"}],"about":[{"href":"https:\/\/sportsnewsintheworld.com\/en\/wp-json\/wp\/v2\/types\/page"}],"author":[{"embeddable":true,"href":"https:\/\/sportsnewsintheworld.com\/en\/wp-json\/wp\/v2\/users\/1"}],"replies":[{"embeddable":true,"href":"https:\/\/sportsnewsintheworld.com\/en\/wp-json\/wp\/v2\/comments?post=3483"}],"version-history":[{"count":11,"href":"https:\/\/sportsnewsintheworld.com\/en\/wp-json\/wp\/v2\/pages\/3483\/revisions"}],"predecessor-version":[{"id":3528,"href":"https:\/\/sportsnewsintheworld.com\/en\/wp-json\/wp\/v2\/pages\/3483\/revisions\/3528"}],"wp:attachment":[{"href":"https:\/\/sportsnewsintheworld.com\/en\/wp-json\/wp\/v2\/media?parent=3483"}],"curies":[{"name":"wp","href":"https:\/\/api.w.org\/{rel}","templated":true}]}}